{"id":7385,"date":"2022-05-13T21:19:16","date_gmt":"2022-05-13T21:19:16","guid":{"rendered":"http:\/\/crospot.club\/gorskikotar.hr\/?page_id=7385"},"modified":"2025-06-18T10:56:11","modified_gmt":"2025-06-18T10:56:11","slug":"za-vlasnike-kuca-i-stanova-za-odmor","status":"publish","type":"page","link":"https:\/\/gorskikotar.hr\/de\/za-vlasnike-kuca-i-stanova-za-odmor\/","title":{"rendered":"Za vlasnike ku\u0107a i stanova za odmor"},"content":{"rendered":"<div data-elementor-type=\"wp-page\" data-elementor-id=\"7385\" class=\"elementor elementor-7385\" data-elementor-post-type=\"page\">\n\t\t\t\t\t\t<section class=\"has_eae_slider elementor-section elementor-top-section elementor-element elementor-element-31bb1b5 elementor-section-full_width elementor-section-height-min-height elementor-section-height-default elementor-section-items-middle\" data-eae-slider=\"578\" data-id=\"31bb1b5\" data-element_type=\"section\" data-settings=\"{&quot;background_background&quot;:&quot;classic&quot;,&quot;shape_divider_bottom&quot;:&quot;tilt&quot;}\">\n\t\t\t\t\t<div class=\"elementor-shape elementor-shape-bottom\" aria-hidden=\"true\" data-negative=\"false\">\n\t\t\t<svg xmlns=\"http:\/\/www.w3.org\/2000\/svg\" viewbox=\"0 0 1000 100\" preserveaspectratio=\"none\">\n\t<path class=\"elementor-shape-fill\" d=\"M0,6V0h1000v100L0,6z\"\/>\n<\/svg>\t\t<\/div>\n\t\t\t\t\t<div class=\"elementor-container elementor-column-gap-default\">\n\t\t\t\t\t<div class=\"has_eae_slider elementor-column elementor-col-100 elementor-top-column elementor-element elementor-element-d67977c\" data-eae-slider=\"79213\" data-id=\"d67977c\" data-element_type=\"column\">\n\t\t\t<div class=\"elementor-widget-wrap elementor-element-populated\">\n\t\t\t\t\t\t\t<\/div>\n\t\t<\/div>\n\t\t\t\t\t<\/div>\n\t\t<\/section>\n\t\t\t\t<section class=\"has_eae_slider elementor-section elementor-top-section elementor-element elementor-element-9320ef5 elementor-section-boxed elementor-section-height-default elementor-section-height-default\" data-eae-slider=\"88928\" data-id=\"9320ef5\" data-element_type=\"section\">\n\t\t\t\t\t\t<div class=\"elementor-container elementor-column-gap-default\">\n\t\t\t\t\t<div class=\"has_eae_slider elementor-column elementor-col-100 elementor-top-column elementor-element elementor-element-a44854b\" data-eae-slider=\"51472\" data-id=\"a44854b\" data-element_type=\"column\">\n\t\t\t<div class=\"elementor-widget-wrap elementor-element-populated\">\n\t\t\t\t\t\t<div class=\"elementor-element elementor-element-9fc916d elementor-widget elementor-widget-text-editor\" data-id=\"9fc916d\" data-element_type=\"widget\" data-widget_type=\"text-editor.default\">\n\t\t\t\t<div class=\"elementor-widget-container\">\n\t\t\t\t\t\t\t\t\t<p>Za vlasnike ku\u0107a i stanova za odmor<\/p>\n<p>Kao vlasnike stanova i ku\u0107a za odmor, podsje\u0107amo Vas da ste sukladno Zakonu o turisti\u010dkoj pristojbi (NN 52\/19, NN 32\/20 i NN 42\/20) za sebe i sve osobe koje borave u ku\u0107i ili stanu, du\u017eni prijaviti boravak u roku od 24 sata uz pla\u0107anje pripadaju\u0107e turisti\u010dke pristojbe. Vlasnici ku\u0107e ili stana za odmor prijavu i odjavu osoba koje borave u ku\u0107i ili stanu za odmor obavljaju putem sustava eVisitor.<\/p>\n<p>Dokumenti potrebni za evidentiranje vlasnika ku\u0107e ili stana za odmor<\/p>\n<p>Za registraciju obveznika u sustav eVisitor potrebni su OIB i identifikacijski dokument, a za registraciju pripadaju\u0107eg objekta, obveznik je du\u017ean prilo\u017eiti jedan od sljede\u0107ih dokumenata:<\/p>\n<p>&#8211; kupoprodajni ugovor<\/p>\n<p>&#8211; izvadak iz zemlji\u0161nih knjiga<\/p>\n<p>&#8211; rje\u0161enje o naslje\u0111ivanju<\/p>\n<p>&#8211; rje\u0161enje o utvr\u0111ivanju posebnog poreza na ku\u0107e\/stanove za odmor<\/p>\n<p>&#8211; rje\u0161enje o ozakonjenju nezakonito izgra\u0111ene zgrade<\/p>\n<p>&#8211; izvadak iz katastara<\/p>\n<p>&#8211; dokaz da je podnesen zahtjev za ozakonjenje nezakonito izgra\u0111ene zgrade<\/p>\n<p>&#8211; zbirne evidencije nadle\u017enih tijela (npr. evidencija obveznika pla\u0107anja komunalne naknade, evidencija obveznika pla\u0107anja poreza na ku\u0107e i stanove za odmor i dr.)<\/p>\n<p>Pristupne podatke za eVisitor sustav izdaje Turisti\u010dka zajednica Gorskog kotara, na adresi Lujzinska cesta 47\/1, Delnice<\/p>\n<p>Podsjetnik: Ku\u0107om ili stanom za odmor smatra se svaka zgrada ili stan koja se koristi povremeno ili sezonski, a ne spada u kategoriju turisti\u010dkog smje\u0161tajnog objekta, a njihovi vlasnici nemaju prijavljen stalni boravak u Gorskom kotaru.<\/p>\n<p>Vlasnik i \u010dlanovi njegove u\u017ee obitelji mogu turisti\u010dku pristojbu pla\u0107ati po no\u0107enju umanjenu za 70% ili u godi\u0161njem pau\u0161alnom iznosu. Navedeno se odnosi na hrvatske dr\u017eavljane i dr\u017eavljane Europske unije.<\/p>\n<p>Strani dr\u017eavljani koji nemaju dr\u017eavljanstvo zemalja \u010dlanica Europske Unije, pristojbu pla\u0107aju u punom iznosu po no\u0107enju i nisu u mogu\u0107nosti pla\u0107ati turisti\u010dku pristojbu u godi\u0161njem pau\u0161alnom iznosu.<\/p>\n<p>Osobe koje nisu hrvatski dr\u017eavljani du\u017ene su svoj boravak prijaviti i po osnovi Zakona o strancima (NN 79\/07) u roku od 24 sata.<\/p>\n<p>Prijatelji koji borave u ku\u0107ama ili stanovima za odmor pla\u0107aju turisti\u010dku pristojbu u punom iznosu po no\u0107enju.<\/p>\n<p>Turisti\u010dka pristojba pla\u0107a se ukoliko se u ku\u0107i ili stanu za odmor boravi od 15.06. do 15.09.<\/p><p style=\"margin: 0cm 0cm 8pt; line-height: 15.6933px; font-size: 11pt; font-family: Calibri, sans-serif; color: rgb(0, 0, 0);\">Iznosi turisti\u010dke pristojbe za vlasnike ku\u0107a i stanova za odmor<o:p><\/o:p><\/p><table border=\"1\" cellspacing=\"0\" cellpadding=\"0\" width=\"595\" style=\"width: 446.3pt; border: none;\"><tbody><tr style=\"height: 23.5pt;\"><td width=\"321\" style=\"width: 240.6pt; border-width: 1pt; border-color: windowtext; padding: 0cm 5.4pt; height: 23.5pt;\"><p align=\"center\" style=\"margin: 0cm 0cm 0.0001pt; line-height: normal; font-size: 11pt; font-family: Calibri, sans-serif; text-align: center;\"><span style=\"font-size: 10pt; color: black;\">OPIS<o:p><\/o:p><\/span><\/p><\/td><td width=\"189\" colspan=\"2\" style=\"width: 141.95pt; border-top-width: 1pt; border-top-color: windowtext; border-right-width: 1pt; border-right-color: windowtext; border-bottom-width: 1pt; border-bottom-color: windowtext; border-left: none; padding: 0cm 5.4pt; height: 23.5pt;\"><p align=\"center\" style=\"margin: 0cm 0cm 0.0001pt; line-height: normal; font-size: 11pt; font-family: Calibri, sans-serif; text-align: center;\"><span style=\"font-size: 10pt; color: black;\">RAZDOBLJE<o:p><\/o:p><\/span><\/p><\/td><td width=\"85\" style=\"width: 63.75pt; border-top-width: 1pt; border-top-color: windowtext; border-right-width: 1pt; border-right-color: windowtext; border-bottom-width: 1pt; border-bottom-color: windowtext; border-left: none; padding: 0cm 5.4pt; height: 23.5pt;\"><p align=\"center\" style=\"margin: 0cm 0cm 0.0001pt; line-height: normal; font-size: 11pt; font-family: Calibri, sans-serif; text-align: center;\"><span style=\"font-size: 10pt; color: black;\">IZNOS u EUR<o:p><\/o:p><\/span><\/p><\/td><\/tr><tr><td width=\"321\" rowspan=\"3\" style=\"width: 240.6pt; border-right-width: 1pt; border-right-color: windowtext; border-bottom-width: 1pt; border-bottom-color: windowtext; border-left-width: 1pt; border-left-color: windowtext; border-top: none; padding: 0cm 5.4pt;\"><p style=\"margin: 0cm 0cm 0.0001pt; line-height: normal; font-size: 11pt; font-family: Calibri, sans-serif;\"><span style=\"font-size: 10pt; color: black;\">Vlasnik ku\u0107e, apartmana ili stana za odmor koji turisti\u010dku pristojbu u godi\u0161njem <b>pau\u0161alnom iznosu<o:p><\/o:p><\/b><\/span><\/p><p style=\"margin: 0cm 0cm 0.0001pt; line-height: normal; font-size: 11pt; font-family: Calibri, sans-serif;\"><span style=\"font-size: 10pt; color: black;\">(hrvatski dr\u017eavljani i dr\u017eavljani EU)<o:p><\/o:p><\/span><\/p><\/td><td width=\"85\" rowspan=\"3\" valign=\"top\" style=\"width: 64.05pt; border-top: none; border-left: none; border-bottom-width: 1pt; border-bottom-color: windowtext; border-right-width: 1pt; border-right-color: windowtext; padding: 0cm 5.4pt;\"><p style=\"margin: 0cm 0cm 0.0001pt 18pt; line-height: normal; font-size: 11pt; font-family: Calibri, sans-serif;\"><span style=\"font-size: 10pt; color: black;\">&nbsp;<\/span><\/p><p style=\"margin: 0cm 0cm 0.0001pt; line-height: normal; font-size: 11pt; font-family: Calibri, sans-serif;\"><span style=\"font-size: 10pt; color: black;\">cjelogodi\u0161nje<o:p><\/o:p><\/span><\/p><\/td><td width=\"104\" style=\"width: 77.9pt; border-top: none; border-left: none; border-bottom-width: 1pt; border-bottom-color: windowtext; border-right-width: 1pt; border-right-color: windowtext; padding: 0cm 5.4pt;\"><p style=\"margin: 0cm 0cm 0.0001pt 18pt; line-height: normal; font-size: 11pt; font-family: Calibri, sans-serif; text-indent: -18pt;\"><span style=\"font-size: 10pt; color: black;\">1.<span style=\"font-variant-numeric: normal; font-variant-east-asian: normal; font-variant-alternates: normal; font-size-adjust: none; font-kerning: auto; font-optical-sizing: auto; font-feature-settings: normal; font-variation-settings: normal; font-variant-position: normal; font-variant-emoji: normal; font-stretch: normal; font-size: 7pt; line-height: normal; font-family: &quot;Times New Roman&quot;;\">&nbsp;&nbsp;&nbsp;&nbsp; <\/span><\/span><span style=\"font-size: 10pt; color: black;\">\u010dlan<o:p><\/o:p><\/span><\/p><\/td><td width=\"85\" style=\"width: 63.75pt; border-top: none; border-left: none; border-bottom-width: 1pt; border-bottom-color: windowtext; border-right-width: 1pt; border-right-color: windowtext; padding: 0cm 5.4pt;\"><p align=\"center\" style=\"margin: 0cm 0cm 0.0001pt; line-height: normal; font-size: 11pt; font-family: Calibri, sans-serif; text-align: center;\"><span style=\"font-size: 10pt; color: black;\">15,00<o:p><\/o:p><\/span><\/p><\/td><\/tr><tr><td width=\"104\" style=\"width: 77.9pt; border-top: none; border-left: none; border-bottom-width: 1pt; border-bottom-color: windowtext; border-right-width: 1pt; border-right-color: windowtext; padding: 0cm 5.4pt;\"><p style=\"margin: 0cm 0cm 0.0001pt 18pt; line-height: normal; font-size: 11pt; font-family: Calibri, sans-serif; text-indent: -18pt;\"><span style=\"font-size: 10pt; color: black;\">2.<span style=\"font-variant-numeric: normal; font-variant-east-asian: normal; font-variant-alternates: normal; font-size-adjust: none; font-kerning: auto; font-optical-sizing: auto; font-feature-settings: normal; font-variation-settings: normal; font-variant-position: normal; font-variant-emoji: normal; font-stretch: normal; font-size: 7pt; line-height: normal; font-family: &quot;Times New Roman&quot;;\">&nbsp;&nbsp;&nbsp;&nbsp; <\/span><\/span><span style=\"font-size: 10pt; color: black;\">\u010dlan<o:p><\/o:p><\/span><\/p><\/td><td width=\"85\" style=\"width: 63.75pt; border-top: none; border-left: none; border-bottom-width: 1pt; border-bottom-color: windowtext; border-right-width: 1pt; border-right-color: windowtext; padding: 0cm 5.4pt;\"><p align=\"center\" style=\"margin: 0cm 0cm 0.0001pt; line-height: normal; font-size: 11pt; font-family: Calibri, sans-serif; text-align: center;\"><span style=\"font-size: 10pt; color: black;\">15,00<o:p><\/o:p><\/span><\/p><\/td><\/tr><tr><td width=\"104\" style=\"width: 77.9pt; border-top: none; border-left: none; border-bottom-width: 1pt; border-bottom-color: windowtext; border-right-width: 1pt; border-right-color: windowtext; padding: 0cm 5.4pt;\"><p style=\"margin: 0cm 0cm 0.0001pt; line-height: normal; font-size: 11pt; font-family: Calibri, sans-serif;\"><span style=\"font-size: 10pt; color: black;\">svaki idu\u0107i \u010dlan<o:p><\/o:p><\/span><\/p><\/td><td width=\"85\" style=\"width: 63.75pt; border-top: none; border-left: none; border-bottom-width: 1pt; border-bottom-color: windowtext; border-right-width: 1pt; border-right-color: windowtext; padding: 0cm 5.4pt;\"><p align=\"center\" style=\"margin: 0cm 0cm 0.0001pt; line-height: normal; font-size: 11pt; font-family: Calibri, sans-serif; text-align: center;\"><span style=\"font-size: 10pt; color: black;\">6,50<o:p><\/o:p><\/span><\/p><\/td><\/tr><tr><td width=\"321\" valign=\"top\" style=\"width: 240.6pt; border-right-width: 1pt; border-right-color: windowtext; border-bottom-width: 1pt; border-bottom-color: windowtext; border-left-width: 1pt; border-left-color: windowtext; border-top: none; padding: 0cm 5.4pt;\"><p style=\"margin: 0cm 0cm 0.0001pt; line-height: normal; font-size: 11pt; font-family: Calibri, sans-serif; text-align: justify;\"><span style=\"font-size: 10pt; color: black;\">Vlasnik ku\u0107e, apartmana ili stana za odmor za sebe i \u010dlanove svoje obitelji koji no\u0107e u tom objektu koji turisti\u010dku pristojbu pla\u0107aju <b>po svakom ostvarenom no\u0107enju<\/b><o:p><\/o:p><\/span><\/p><\/td><td width=\"189\" colspan=\"2\" style=\"width: 141.95pt; border-top: none; border-left: none; border-bottom-width: 1pt; border-bottom-color: windowtext; border-right-width: 1pt; border-right-color: windowtext; padding: 0cm 5.4pt;\"><p align=\"center\" style=\"margin: 0cm 0cm 0.0001pt; line-height: normal; font-size: 11pt; font-family: Calibri, sans-serif; text-align: center;\"><span style=\"font-size: 10pt; color: black;\">15.06. \u2013 15.09.<o:p><\/o:p><\/span><\/p><\/td><td width=\"85\" style=\"width: 63.75pt; border-top: none; border-left: none; border-bottom-width: 1pt; border-bottom-color: windowtext; border-right-width: 1pt; border-right-color: windowtext; padding: 0cm 5.4pt;\"><p align=\"center\" style=\"margin: 0cm 0cm 0.0001pt; line-height: normal; font-size: 11pt; font-family: Calibri, sans-serif; text-align: center;\"><span style=\"font-size: 10pt; color: black;\">0,48<o:p><\/o:p><\/span><\/p><\/td><\/tr><tr><td width=\"321\" valign=\"top\" style=\"width: 240.6pt; border-right-width: 1pt; border-right-color: windowtext; border-bottom-width: 1pt; border-bottom-color: windowtext; border-left-width: 1pt; border-left-color: windowtext; border-top: none; padding: 0cm 5.4pt;\"><p style=\"margin: 0cm 0cm 0.0001pt; line-height: normal; font-size: 11pt; font-family: Calibri, sans-serif; text-align: justify;\"><span style=\"font-size: 10pt; color: black;\">Osobe koje no\u0107e u ku\u0107i, apartmanu ili stanu za odmor, a nisu \u010dlanovi obitelji vlasnika turisti\u010dku pristojbu pla\u0107aju <b>po svakom ostvarenom no\u0107enju<\/b><o:p><\/o:p><\/span><\/p><\/td><td width=\"189\" colspan=\"2\" style=\"width: 141.95pt; border-top: none; border-left: none; border-bottom-width: 1pt; border-bottom-color: windowtext; border-right-width: 1pt; border-right-color: windowtext; padding: 0cm 5.4pt;\"><p align=\"center\" style=\"margin: 0cm 0cm 0.0001pt; line-height: normal; font-size: 11pt; font-family: Calibri, sans-serif; text-align: center;\"><span style=\"font-size: 10pt; color: black;\">15.06. \u2013 15.09.<o:p><\/o:p><\/span><\/p><\/td><td width=\"85\" style=\"width: 63.75pt; border-top: none; border-left: none; border-bottom-width: 1pt; border-bottom-color: windowtext; border-right-width: 1pt; border-right-color: windowtext; padding: 0cm 5.4pt;\"><p align=\"center\" style=\"margin: 0cm 0cm 0.0001pt; line-height: normal; font-size: 11pt; font-family: Calibri, sans-serif; text-align: center;\"><span style=\"font-size: 10pt; color: black;\">1,60<o:p><\/o:p><\/span><\/p><\/td><\/tr><\/tbody><\/table><p style=\"margin: 0cm 0cm 8pt; line-height: 15.6933px; font-size: 11pt; font-family: Calibri, sans-serif; color: rgb(0, 0, 0);\"><o:p>&nbsp;<\/o:p><\/p><p><span style=\"font-family: -apple-system, BlinkMacSystemFont, &quot;Segoe UI&quot;, Roboto, &quot;Helvetica Neue&quot;, Arial, &quot;Noto Sans&quot;, sans-serif, &quot;Apple Color Emoji&quot;, &quot;Segoe UI Emoji&quot;, &quot;Segoe UI Symbol&quot;, &quot;Noto Color Emoji&quot;; font-size: 1rem;\">Molimo Vas da se pridr\u017eavate navedenih uputa, jer ukoliko se inspekcijskim nadzorom utvrdi da niste prijavili ili odjavili boravak u odre\u0111enom roku inspektor Vas mo\u017ee kazniti zakonski propisanom nov\u010danom kaznom.<\/span><\/p>\t\t\t\t\t\t\t\t<\/div>\n\t\t\t\t<\/div>\n\t\t\t\t\t<\/div>\n\t\t<\/div>\n\t\t\t\t\t<\/div>\n\t\t<\/section>\n\t\t\t\t<section class=\"has_eae_slider elementor-section elementor-top-section elementor-element elementor-element-fc08778 elementor-section-full_width elementor-section-height-min-height elementor-section-height-default elementor-section-items-middle\" data-eae-slider=\"90826\" data-id=\"fc08778\" data-element_type=\"section\" data-settings=\"{&quot;background_background&quot;:&quot;classic&quot;,&quot;shape_divider_top&quot;:&quot;tilt&quot;}\">\n\t\t\t\t\t<div class=\"elementor-shape elementor-shape-top\" aria-hidden=\"true\" data-negative=\"false\">\n\t\t\t<svg xmlns=\"http:\/\/www.w3.org\/2000\/svg\" viewbox=\"0 0 1000 100\" preserveaspectratio=\"none\">\n\t<path class=\"elementor-shape-fill\" d=\"M0,6V0h1000v100L0,6z\"\/>\n<\/svg>\t\t<\/div>\n\t\t\t\t\t<div class=\"elementor-container elementor-column-gap-default\">\n\t\t\t\t\t<div class=\"has_eae_slider elementor-column elementor-col-100 elementor-top-column elementor-element elementor-element-b9beb3e\" data-eae-slider=\"34544\" data-id=\"b9beb3e\" data-element_type=\"column\">\n\t\t\t<div class=\"elementor-widget-wrap elementor-element-populated\">\n\t\t\t\t\t\t<div class=\"elementor-element elementor-element-9b4cc1b elementor-widget__width-inherit elementor-widget elementor-widget-image\" data-id=\"9b4cc1b\" data-element_type=\"widget\" data-widget_type=\"image.default\">\n\t\t\t\t<div class=\"elementor-widget-container\">\n\t\t\t\t\t\t\t\t\t\t\t\t\t\t\t<img fetchpriority=\"high\" decoding=\"async\" width=\"477\" height=\"554\" src=\"https:\/\/gorskikotar.hr\/wp-content\/uploads\/2022\/05\/gorski-kotar-logo-zima.png\" class=\"attachment-large size-large wp-image-7499\" alt=\"Gorski kotar logo zima\" srcset=\"https:\/\/gorskikotar.hr\/wp-content\/uploads\/2022\/05\/gorski-kotar-logo-zima.png 477w, https:\/\/gorskikotar.hr\/wp-content\/uploads\/2022\/05\/gorski-kotar-logo-zima-258x300.png 258w, https:\/\/gorskikotar.hr\/wp-content\/uploads\/2022\/05\/gorski-kotar-logo-zima-21x24.png 21w, https:\/\/gorskikotar.hr\/wp-content\/uploads\/2022\/05\/gorski-kotar-logo-zima-31x36.png 31w, https:\/\/gorskikotar.hr\/wp-content\/uploads\/2022\/05\/gorski-kotar-logo-zima-41x48.png 41w\" sizes=\"(max-width: 477px) 100vw, 477px\" \/>\t\t\t\t\t\t\t\t\t\t\t\t\t\t\t<\/div>\n\t\t\t\t<\/div>\n\t\t\t\t<div class=\"elementor-element elementor-element-0160304 elementor-widget elementor-widget-heading\" data-id=\"0160304\" data-element_type=\"widget\" data-widget_type=\"heading.default\">\n\t\t\t\t<div class=\"elementor-widget-container\">\n\t\t\t\t\t<h1 class=\"elementor-heading-title elementor-size-large\">Gorski kotar<\/h1>\t\t\t\t<\/div>\n\t\t\t\t<\/div>\n\t\t\t\t<div class=\"elementor-element elementor-element-45ddf5b elementor-widget elementor-widget-heading\" data-id=\"45ddf5b\" data-element_type=\"widget\" data-widget_type=\"heading.default\">\n\t\t\t\t<div class=\"elementor-widget-container\">\n\t\t\t\t\t<h3 class=\"elementor-heading-title elementor-size-xl\">Unwiderstehlich<\/h3>\t\t\t\t<\/div>\n\t\t\t\t<\/div>\n\t\t\t\t\t<\/div>\n\t\t<\/div>\n\t\t\t\t\t<\/div>\n\t\t<\/section>\n\t\t\t\t<\/div>","protected":false},"excerpt":{"rendered":"<p>Za vlasnike ku\u0107a i stanova za odmor Kao vlasnike stanova i ku\u0107a za odmor, podsje\u0107amo Vas da ste sukladno Zakonu o turisti\u010dkoj pristojbi (NN 52\/19, NN 32\/20 i NN 42\/20) za sebe i sve osobe koje borave u ku\u0107i ili stanu, du\u017eni prijaviti boravak u roku od 24 sata uz pla\u0107anje pripadaju\u0107e turisti\u010dke pristojbe. Vlasnici [&hellip;]<\/p>","protected":false},"author":1,"featured_media":0,"parent":0,"menu_order":0,"comment_status":"closed","ping_status":"closed","template":"elementor_header_footer","meta":{"_acf_changed":false,"footnotes":""},"class_list":["post-7385","page","type-page","status-publish","hentry"],"acf":[],"_links":{"self":[{"href":"https:\/\/gorskikotar.hr\/de\/wp-json\/wp\/v2\/pages\/7385","targetHints":{"allow":["GET"]}}],"collection":[{"href":"https:\/\/gorskikotar.hr\/de\/wp-json\/wp\/v2\/pages"}],"about":[{"href":"https:\/\/gorskikotar.hr\/de\/wp-json\/wp\/v2\/types\/page"}],"author":[{"embeddable":true,"href":"https:\/\/gorskikotar.hr\/de\/wp-json\/wp\/v2\/users\/1"}],"replies":[{"embeddable":true,"href":"https:\/\/gorskikotar.hr\/de\/wp-json\/wp\/v2\/comments?post=7385"}],"version-history":[{"count":13,"href":"https:\/\/gorskikotar.hr\/de\/wp-json\/wp\/v2\/pages\/7385\/revisions"}],"predecessor-version":[{"id":25396,"href":"https:\/\/gorskikotar.hr\/de\/wp-json\/wp\/v2\/pages\/7385\/revisions\/25396"}],"wp:attachment":[{"href":"https:\/\/gorskikotar.hr\/de\/wp-json\/wp\/v2\/media?parent=7385"}],"curies":[{"name":"wp","href":"https:\/\/api.w.org\/{rel}","templated":true}]}}