{"id":7324,"date":"2022-05-13T20:53:52","date_gmt":"2022-05-13T20:53:52","guid":{"rendered":"http:\/\/crospot.club\/gorskikotar.hr\/?page_id=7324"},"modified":"2023-08-10T20:57:14","modified_gmt":"2023-08-10T20:57:14","slug":"sustav-evisitor","status":"publish","type":"page","link":"https:\/\/gorskikotar.hr\/nl\/sustav-evisitor\/","title":{"rendered":"Sustav eVisitor"},"content":{"rendered":"<div data-elementor-type=\"wp-page\" data-elementor-id=\"7324\" class=\"elementor elementor-7324\" data-elementor-post-type=\"page\">\n\t\t\t\t\t\t<section class=\"has_eae_slider elementor-section elementor-top-section elementor-element elementor-element-b342867 elementor-section-full_width elementor-section-height-min-height elementor-section-height-default elementor-section-items-middle\" data-eae-slider=\"49672\" data-id=\"b342867\" data-element_type=\"section\" data-settings=\"{&quot;background_background&quot;:&quot;classic&quot;,&quot;shape_divider_bottom&quot;:&quot;tilt&quot;}\">\n\t\t\t\t\t<div class=\"elementor-shape elementor-shape-bottom\" aria-hidden=\"true\" data-negative=\"false\">\n\t\t\t<svg xmlns=\"http:\/\/www.w3.org\/2000\/svg\" viewbox=\"0 0 1000 100\" preserveaspectratio=\"none\">\n\t<path class=\"elementor-shape-fill\" d=\"M0,6V0h1000v100L0,6z\"\/>\n<\/svg>\t\t<\/div>\n\t\t\t\t\t<div class=\"elementor-container elementor-column-gap-default\">\n\t\t\t\t\t<div class=\"has_eae_slider elementor-column elementor-col-100 elementor-top-column elementor-element elementor-element-5486694\" data-eae-slider=\"61183\" data-id=\"5486694\" data-element_type=\"column\">\n\t\t\t<div class=\"elementor-widget-wrap elementor-element-populated\">\n\t\t\t\t\t\t\t<\/div>\n\t\t<\/div>\n\t\t\t\t\t<\/div>\n\t\t<\/section>\n\t\t\t\t<section class=\"has_eae_slider elementor-section elementor-top-section elementor-element elementor-element-f4e6753 elementor-section-boxed elementor-section-height-default elementor-section-height-default\" data-eae-slider=\"2298\" data-id=\"f4e6753\" data-element_type=\"section\">\n\t\t\t\t\t\t<div class=\"elementor-container elementor-column-gap-default\">\n\t\t\t\t\t<div class=\"has_eae_slider elementor-column elementor-col-100 elementor-top-column elementor-element elementor-element-b3f7b6a\" data-eae-slider=\"70176\" data-id=\"b3f7b6a\" data-element_type=\"column\">\n\t\t\t<div class=\"elementor-widget-wrap elementor-element-populated\">\n\t\t\t\t\t\t<div class=\"elementor-element elementor-element-e966c06 elementor-widget elementor-widget-text-editor\" data-id=\"e966c06\" data-element_type=\"widget\" data-widget_type=\"text-editor.default\">\n\t\t\t\t<div class=\"elementor-widget-container\">\n\t\t\t\t\t\t\t\t\t<p class=\"p1\">eVisitor- Informacijski sustav za prijavu i odjavu gostiju<\/p><p class=\"p1\">Sustav eVisitor slu\u017ei za prijavljivanje i odjavljivanje turista te prikupljanje i obradu podataka o pru\u017eateljima usluga smje\u0161taja te njihovim smje\u0161tajnim objektima, a iznimno je va\u017ean za obra\u010dun i kontrolu naplate turisti\u010dke pristojbe kao i za obradu i analizu podataka za statisti\u010dka izvje\u0161\u0107a u realnom vremenu te je dostupan besplatno svim korisnicima putem Interneta kao web aplikacija bez potrebe za instaliranjem na ra\u010dunalo.<\/p><p class=\"p1\">Nadle\u017ena turisti\u010dka zajednica obvezniku izdaje korisni\u010dke podatke i to korisni\u010dko ime, lozinku i TAN tablicu za kori\u0161tenje sustava eVisitor.<\/p><p class=\"p1\">Svi obveznici mogu se prijaviti u eVisitor sustav i bez kori\u0161tenja TAN liste preko sustava e-Gra\u0111ani ukoliko imaju neku od vjerodajnica zna\u010dajne ili visoke razine sigurnosti. Prijava u sustav je mogu\u0107a odabirom opcije \u201ePrijava putem NIAS-a (e-Gra\u0111ani)\u201c.<\/p><p class=\"p1\">Obveznik samo prvi puta treba osobno do\u0107i u nadle\u017enu turisti\u010dku zajednicu te<span class=\"Apple-converted-space\">\u00a0 <\/span>prilikom preuzimanja podataka obavezno treba<span class=\"Apple-converted-space\">\u00a0 <\/span>predo\u010di identifikacijski dokument i rje\u0161enje o pru\u017eanju usluga ili u slu\u010daju vlasnika ku\u0107e ili stana za odmor i stanovnika op\u0107ine\/grada odgovaraju\u0107i dokaz o vlasni\u0161tvu nekretnine. Za pravne osobe nu\u017eno je da korisni\u010dke podatke preuzme ovla\u0161tena osoba obveznika (vlasnik, direktor), a u slu\u010daju da podatke preuzme opunomo\u0107ena osoba, mora imati pisanu punomo\u0107 ovla\u0161tene osobe.<\/p><p class=\"p1\">Ukoliko obveznik nije u mogu\u0107nosti osobno preuzeti korisni\u010dke podatke to mo\u017ee u\u010diniti<span class=\"Apple-converted-space\">\u00a0 <\/span>Opunomo\u0107enik.<\/p><p class=\"p1\">U slu\u010daju da se radi o iznajmljiva\u010du koji nije u mogu\u0107nosti samostalno preuzeti pristupne podatke za sustav eVisitor, postoji mogu\u0107nost da u njegovo ime i za njegov ra\u010dun to u\u010dini turisti\u010dka agencija.<\/p><p class=\"p1\">U navedenom slu\u010daju, a s obzirom da se putem pristupnih podataka vr\u0161i identifikacija iznajmljiva\u010da te omogu\u0107ava prijava\/odjava turista u njegovo ime, potrebno je da iznajmljiva\u010d izda punomo\u0107 turisti\u010dkoj agenciji za preuzimanje tih podataka u njegovo ime i za njegov ra\u010dun. Turisti\u010dka zajednica potom dodjeljuje pristupne podatke tog iznajmljiva\u010da turisti\u010dkoj agenciji koja joj preda takvu punomo\u0107. Turisti\u010dka agencija na temelju tih podataka otvara dodatnog korisnika koji se koristiti za prijavu i odjavu turista, a podatke o osnovnom korisniku dostavlja obvezniku, iznajmljiva\u010du. U opisanom slu\u010daju pravni temelj prema sustavu eVisitor predstavlja ugovorni odnos izme\u0111u turisti\u010dke agencije i iznajmljiva\u010da. S obzirom da<span class=\"Apple-converted-space\">\u00a0 <\/span>turisti\u010dke agencije obavljanje prijave\/odjave turista mogu vr\u0161iti u sklopu pru\u017eanja svojih usluga, a \u0161to je izrijekom odre\u0111eno va\u017ee\u0107im propisima, takvu punomo\u0107 nije potrebno ovjeravati kod javnog bilje\u017enika, ve\u0107 je dostatan potpis iznajmljiva\u010da na kojeg je izdano rje\u0161enje o iznajmljivanju, dok<span class=\"Apple-converted-space\">\u00a0 <\/span>se za ostale slu\u010dajeve izdavanja punomo\u0107i (kada se radi o punomo\u0107i osobi koja nije turisti\u010dka agencija) tra\u017ei javnobilje\u017eni\u010dki ovjerena punomo\u0107.<\/p><p class=\"p1\">Primjeri punomo\u0107i za slijede\u0107e svrhe:<\/p><p class=\"p1\">1.<span class=\"Apple-converted-space\">\u00a0 <\/span>za kori\u0161tenje sustava- za turisti\u010dke<span class=\"Apple-converted-space\">\u00a0 <\/span>agencije- odnosi se na ovlast da se preuzmu podaci te da osoba koja je punomo\u0107nik radi prijavu\/odjavu u ime i za ra\u010dun obveznika (npr. punomo\u0107 koju trebaju donijeti agencije koje \u0107e to raditi u ime i za ra\u010dun iznajmljiva\u010da)<span class=\"Apple-converted-space\">\u00a0<\/span><\/p><p class=\"p1\">2.<span class=\"Apple-converted-space\">\u00a0 <\/span>za preuzimanje podataka &#8211; odnosi se samo na ovlast da se preuzmu podaci (iste mora predati obvezniku)<\/p><p class=\"p1\">Primjeri punomo\u0107i turisti\u010dkoj agenciji za kori\u0161tenje sustava i primjer punomo\u0107i za preuzimanije pristupnih podatka mo\u017eete prona\u0107i ni\u017ee.<\/p><p class=\"p1\">Podsje\u0107amo da sve punomo\u0107i (izuzev punomo\u0107i za kori\u0161tenje eVisitor sustava za turisti\u010dke agencije) moraju biti ovjerene od strane javnog bilje\u017enika (ako se radi o Opunomo\u0107itelju koji je hrvatski rezident) ili na drugi odgovaraju\u0107i na\u010din koji je po propisima dr\u017eave \u010diji je Opunomo\u0107itelj rezident izjedna\u010den s ovjerom potpisa kod javnog bilje\u017enika u Republici Hrvatskoj.<\/p><p class=\"p3\"><span class=\"s1\">Vi\u0161e informacija mo\u017eete prona\u0107i na: <a href=\"https:\/\/www.htz.hr\/hr-HR\/projekti-i-potpore\/evisitor\"><span class=\"s2\">https:\/\/www.htz.hr\/hr-HR\/projekti-i-potpore\/evisitor<\/span><\/a><\/span><\/p><p class=\"p1\"><a href=\"https:\/\/www.htz.hr\/sites\/default\/files\/2022-02\/Korisni%C4%8Dke%20upute%20Obveznik_0.pdf\" target=\"_blank\" rel=\"noopener\">Korisni\u010dke upute za korisnike<\/a><\/p><p class=\"p1\"><a href=\"http:\/\/Pravilnik o sustavu eVisitor (NN 43\/20) mo\u017eete prona\u0107i OVDJE\" target=\"_blank\" rel=\"noopener\" data-wplink-url-error=\"true\">https:\/\/narodne-novine.nn.hr\/clanci\/sluzbeni\/2020_04_43_897.html<\/a><\/p>\t\t\t\t\t\t\t\t<\/div>\n\t\t\t\t<\/div>\n\t\t\t\t\t<\/div>\n\t\t<\/div>\n\t\t\t\t\t<\/div>\n\t\t<\/section>\n\t\t\t\t<section class=\"has_eae_slider elementor-section elementor-top-section elementor-element elementor-element-f440abd elementor-section-boxed elementor-section-height-default elementor-section-height-default\" data-eae-slider=\"61011\" data-id=\"f440abd\" data-element_type=\"section\">\n\t\t\t\t\t\t<div class=\"elementor-container elementor-column-gap-default\">\n\t\t\t\t\t<div class=\"has_eae_slider elementor-column elementor-col-33 elementor-top-column elementor-element elementor-element-ca36f40\" data-eae-slider=\"92067\" data-id=\"ca36f40\" data-element_type=\"column\">\n\t\t\t<div class=\"elementor-widget-wrap elementor-element-populated\">\n\t\t\t\t\t\t<div class=\"elementor-element elementor-element-e19c69b elementor-position-block-start elementor-view-default elementor-mobile-position-block-start elementor-widget elementor-widget-icon-box\" data-id=\"e19c69b\" data-element_type=\"widget\" data-widget_type=\"icon-box.default\">\n\t\t\t\t<div class=\"elementor-widget-container\">\n\t\t\t\t\t\t\t<div class=\"elementor-icon-box-wrapper\">\n\n\t\t\t\t\t\t<div class=\"elementor-icon-box-icon\">\n\t\t\t\t<span  class=\"elementor-icon\">\n\t\t\t\t<i aria-hidden=\"true\" class=\"far fa-file-pdf\"><\/i>\t\t\t\t<\/span>\n\t\t\t<\/div>\n\t\t\t\n\t\t\t\t\t\t<div class=\"elementor-icon-box-content\">\n\n\t\t\t\t\t\t\t\t\t<h4 class=\"elementor-icon-box-title\">\n\t\t\t\t\t\t<span  >\n\t\t\t\t\t\t\tKori\u0161tenje sustava\t\t\t\t\t\t<\/span>\n\t\t\t\t\t<\/h4>\n\t\t\t\t\n\t\t\t\t\t\t\t\t\t<p class=\"elementor-icon-box-description\">\n\t\t\t\t\t\t<span style=\"text-align: start;white-space: normal\">Primjer punomo\u0107i turisti\u010dkoj agenciji za kori\u0161tenje sustava<\/span>\t\t\t\t\t<\/p>\n\t\t\t\t\n\t\t\t<\/div>\n\t\t\t\n\t\t<\/div>\n\t\t\t\t\t\t<\/div>\n\t\t\t\t<\/div>\n\t\t\t\t<div class=\"elementor-element elementor-element-9879c16 elementor-align-center elementor-widget elementor-widget-button\" data-id=\"9879c16\" data-element_type=\"widget\" data-widget_type=\"button.default\">\n\t\t\t\t<div class=\"elementor-widget-container\">\n\t\t\t\t\t\t\t\t\t<div class=\"elementor-button-wrapper\">\n\t\t\t\t\t<a class=\"elementor-button elementor-button-link elementor-size-xs\" href=\"http:\/\/gorskikotar.hr\/wp-content\/uploads\/2022\/05\/Primjer_punomoci_turistickoj_agenciji.pdf\" target=\"_blank\">\n\t\t\t\t\t\t<span class=\"elementor-button-content-wrapper\">\n\t\t\t\t\t\t<span class=\"elementor-button-icon\">\n\t\t\t\t<i aria-hidden=\"true\" class=\"far fa-file-pdf\"><\/i>\t\t\t<\/span>\n\t\t\t\t\t\t\t\t\t<span class=\"elementor-button-text\">Preuzmite dokument<\/span>\n\t\t\t\t\t<\/span>\n\t\t\t\t\t<\/a>\n\t\t\t\t<\/div>\n\t\t\t\t\t\t\t\t<\/div>\n\t\t\t\t<\/div>\n\t\t\t\t\t<\/div>\n\t\t<\/div>\n\t\t\t\t<div class=\"has_eae_slider elementor-column elementor-col-33 elementor-top-column elementor-element elementor-element-d6790f5\" data-eae-slider=\"84215\" data-id=\"d6790f5\" data-element_type=\"column\">\n\t\t\t<div class=\"elementor-widget-wrap elementor-element-populated\">\n\t\t\t\t\t\t<div class=\"elementor-element elementor-element-a601d9d elementor-position-block-start elementor-view-default elementor-mobile-position-block-start elementor-widget elementor-widget-icon-box\" data-id=\"a601d9d\" data-element_type=\"widget\" data-widget_type=\"icon-box.default\">\n\t\t\t\t<div class=\"elementor-widget-container\">\n\t\t\t\t\t\t\t<div class=\"elementor-icon-box-wrapper\">\n\n\t\t\t\t\t\t<div class=\"elementor-icon-box-icon\">\n\t\t\t\t<span  class=\"elementor-icon\">\n\t\t\t\t<i aria-hidden=\"true\" class=\"far fa-file-pdf\"><\/i>\t\t\t\t<\/span>\n\t\t\t<\/div>\n\t\t\t\n\t\t\t\t\t\t<div class=\"elementor-icon-box-content\">\n\n\t\t\t\t\t\t\t\t\t<h4 class=\"elementor-icon-box-title\">\n\t\t\t\t\t\t<span  >\n\t\t\t\t\t\t\tPristupni podaci\t\t\t\t\t\t<\/span>\n\t\t\t\t\t<\/h4>\n\t\t\t\t\n\t\t\t\t\t\t\t\t\t<p class=\"elementor-icon-box-description\">\n\t\t\t\t\t\t<span style=\"text-align: start;white-space: normal\">Primjer punomo\u0107i za preuzimanije pristupnih podatka<\/span>\t\t\t\t\t<\/p>\n\t\t\t\t\n\t\t\t<\/div>\n\t\t\t\n\t\t<\/div>\n\t\t\t\t\t\t<\/div>\n\t\t\t\t<\/div>\n\t\t\t\t<div class=\"elementor-element elementor-element-3ee7189 elementor-align-center elementor-widget elementor-widget-button\" data-id=\"3ee7189\" data-element_type=\"widget\" data-widget_type=\"button.default\">\n\t\t\t\t<div class=\"elementor-widget-container\">\n\t\t\t\t\t\t\t\t\t<div class=\"elementor-button-wrapper\">\n\t\t\t\t\t<a class=\"elementor-button elementor-button-link elementor-size-xs\" href=\"http:\/\/gorskikotar.hr\/wp-content\/uploads\/2022\/05\/Primjer_punomoci_za_preuzimanje_pristupnih_podataka.pdf\" target=\"_blank\">\n\t\t\t\t\t\t<span class=\"elementor-button-content-wrapper\">\n\t\t\t\t\t\t<span class=\"elementor-button-icon\">\n\t\t\t\t<i aria-hidden=\"true\" class=\"far fa-file-pdf\"><\/i>\t\t\t<\/span>\n\t\t\t\t\t\t\t\t\t<span class=\"elementor-button-text\">Preuzmite dokument<\/span>\n\t\t\t\t\t<\/span>\n\t\t\t\t\t<\/a>\n\t\t\t\t<\/div>\n\t\t\t\t\t\t\t\t<\/div>\n\t\t\t\t<\/div>\n\t\t\t\t\t<\/div>\n\t\t<\/div>\n\t\t\t\t<div class=\"has_eae_slider elementor-column elementor-col-33 elementor-top-column elementor-element elementor-element-dccc248\" data-eae-slider=\"53803\" data-id=\"dccc248\" data-element_type=\"column\">\n\t\t\t<div class=\"elementor-widget-wrap elementor-element-populated\">\n\t\t\t\t\t\t<div class=\"elementor-element elementor-element-11861be elementor-position-block-start elementor-view-default elementor-mobile-position-block-start elementor-widget elementor-widget-icon-box\" data-id=\"11861be\" data-element_type=\"widget\" data-widget_type=\"icon-box.default\">\n\t\t\t\t<div class=\"elementor-widget-container\">\n\t\t\t\t\t\t\t<div class=\"elementor-icon-box-wrapper\">\n\n\t\t\t\t\t\t<div class=\"elementor-icon-box-icon\">\n\t\t\t\t<span  class=\"elementor-icon\">\n\t\t\t\t<i aria-hidden=\"true\" class=\"far fa-file-pdf\"><\/i>\t\t\t\t<\/span>\n\t\t\t<\/div>\n\t\t\t\n\t\t\t\t\t\t<div class=\"elementor-icon-box-content\">\n\n\t\t\t\t\t\t\t\t\t<h4 class=\"elementor-icon-box-title\">\n\t\t\t\t\t\t<span  >\n\t\t\t\t\t\t\tTAN lista\t\t\t\t\t\t<\/span>\n\t\t\t\t\t<\/h4>\n\t\t\t\t\n\t\t\t\t\t\t\t\t\t<p class=\"elementor-icon-box-description\">\n\t\t\t\t\t\tIzjava o preuzimanju TAN liste\t\t\t\t\t<\/p>\n\t\t\t\t\n\t\t\t<\/div>\n\t\t\t\n\t\t<\/div>\n\t\t\t\t\t\t<\/div>\n\t\t\t\t<\/div>\n\t\t\t\t<div class=\"elementor-element elementor-element-e8d4564 elementor-align-center elementor-widget elementor-widget-button\" data-id=\"e8d4564\" data-element_type=\"widget\" data-widget_type=\"button.default\">\n\t\t\t\t<div class=\"elementor-widget-container\">\n\t\t\t\t\t\t\t\t\t<div class=\"elementor-button-wrapper\">\n\t\t\t\t\t<a class=\"elementor-button elementor-button-link elementor-size-xs\" href=\"https:\/\/gorskikotar.hr\/wp-content\/uploads\/2022\/05\/Izjava_o_preuzimanju_TAN_liste.docx\" target=\"_blank\">\n\t\t\t\t\t\t<span class=\"elementor-button-content-wrapper\">\n\t\t\t\t\t\t<span class=\"elementor-button-icon\">\n\t\t\t\t<i aria-hidden=\"true\" class=\"far fa-file-pdf\"><\/i>\t\t\t<\/span>\n\t\t\t\t\t\t\t\t\t<span class=\"elementor-button-text\">Preuzmite dokument<\/span>\n\t\t\t\t\t<\/span>\n\t\t\t\t\t<\/a>\n\t\t\t\t<\/div>\n\t\t\t\t\t\t\t\t<\/div>\n\t\t\t\t<\/div>\n\t\t\t\t\t<\/div>\n\t\t<\/div>\n\t\t\t\t\t<\/div>\n\t\t<\/section>\n\t\t\t\t<section class=\"has_eae_slider elementor-section elementor-top-section elementor-element elementor-element-22f46b9 elementor-section-boxed elementor-section-height-default elementor-section-height-default\" data-eae-slider=\"68992\" data-id=\"22f46b9\" data-element_type=\"section\">\n\t\t\t\t\t\t<div class=\"elementor-container elementor-column-gap-default\">\n\t\t\t\t\t<div class=\"has_eae_slider elementor-column elementor-col-33 elementor-top-column elementor-element elementor-element-2618775\" data-eae-slider=\"17833\" data-id=\"2618775\" data-element_type=\"column\">\n\t\t\t<div class=\"elementor-widget-wrap elementor-element-populated\">\n\t\t\t\t\t\t<div class=\"elementor-element elementor-element-6091568 elementor-position-block-start elementor-view-default elementor-mobile-position-block-start elementor-widget elementor-widget-icon-box\" data-id=\"6091568\" data-element_type=\"widget\" data-widget_type=\"icon-box.default\">\n\t\t\t\t<div class=\"elementor-widget-container\">\n\t\t\t\t\t\t\t<div class=\"elementor-icon-box-wrapper\">\n\n\t\t\t\t\t\t<div class=\"elementor-icon-box-icon\">\n\t\t\t\t<span  class=\"elementor-icon\">\n\t\t\t\t<i aria-hidden=\"true\" class=\"far fa-file-pdf\"><\/i>\t\t\t\t<\/span>\n\t\t\t<\/div>\n\t\t\t\n\t\t\t\t\t\t<div class=\"elementor-icon-box-content\">\n\n\t\t\t\t\t\t\t\t\t<h4 class=\"elementor-icon-box-title\">\n\t\t\t\t\t\t<span  >\n\t\t\t\t\t\t\teVisitor\t\t\t\t\t\t<\/span>\n\t\t\t\t\t<\/h4>\n\t\t\t\t\n\t\t\t\t\t\t\t\t\t<p class=\"elementor-icon-box-description\">\n\t\t\t\t\t\tZahtjev za unos fizi\u010dkog obveznika\t\t\t\t\t<\/p>\n\t\t\t\t\n\t\t\t<\/div>\n\t\t\t\n\t\t<\/div>\n\t\t\t\t\t\t<\/div>\n\t\t\t\t<\/div>\n\t\t\t\t<div class=\"elementor-element elementor-element-f7412f2 elementor-align-center elementor-widget elementor-widget-button\" data-id=\"f7412f2\" data-element_type=\"widget\" data-widget_type=\"button.default\">\n\t\t\t\t<div class=\"elementor-widget-container\">\n\t\t\t\t\t\t\t\t\t<div class=\"elementor-button-wrapper\">\n\t\t\t\t\t<a class=\"elementor-button elementor-button-link elementor-size-xs\" href=\"https:\/\/gorskikotar.hr\/wp-content\/uploads\/2022\/05\/Zahtjev_za_unos_fizickog_obveznika.docx\" target=\"_blank\">\n\t\t\t\t\t\t<span class=\"elementor-button-content-wrapper\">\n\t\t\t\t\t\t<span class=\"elementor-button-icon\">\n\t\t\t\t<i aria-hidden=\"true\" class=\"far fa-file-pdf\"><\/i>\t\t\t<\/span>\n\t\t\t\t\t\t\t\t\t<span class=\"elementor-button-text\">Preuzmite dokument<\/span>\n\t\t\t\t\t<\/span>\n\t\t\t\t\t<\/a>\n\t\t\t\t<\/div>\n\t\t\t\t\t\t\t\t<\/div>\n\t\t\t\t<\/div>\n\t\t\t\t\t<\/div>\n\t\t<\/div>\n\t\t\t\t<div class=\"has_eae_slider elementor-column elementor-col-33 elementor-top-column elementor-element elementor-element-ac12fe3\" data-eae-slider=\"34396\" data-id=\"ac12fe3\" data-element_type=\"column\">\n\t\t\t<div class=\"elementor-widget-wrap\">\n\t\t\t\t\t\t\t<\/div>\n\t\t<\/div>\n\t\t\t\t<div class=\"has_eae_slider elementor-column elementor-col-33 elementor-top-column elementor-element elementor-element-72443a1\" data-eae-slider=\"54947\" data-id=\"72443a1\" data-element_type=\"column\">\n\t\t\t<div class=\"elementor-widget-wrap\">\n\t\t\t\t\t\t\t<\/div>\n\t\t<\/div>\n\t\t\t\t\t<\/div>\n\t\t<\/section>\n\t\t\t\t<section class=\"has_eae_slider elementor-section elementor-top-section elementor-element elementor-element-66bfd4c elementor-section-full_width elementor-section-height-min-height elementor-section-height-default elementor-section-items-middle\" data-eae-slider=\"95189\" data-id=\"66bfd4c\" data-element_type=\"section\" data-settings=\"{&quot;background_background&quot;:&quot;classic&quot;,&quot;shape_divider_top&quot;:&quot;tilt&quot;}\">\n\t\t\t\t\t<div class=\"elementor-shape elementor-shape-top\" aria-hidden=\"true\" data-negative=\"false\">\n\t\t\t<svg xmlns=\"http:\/\/www.w3.org\/2000\/svg\" viewbox=\"0 0 1000 100\" preserveaspectratio=\"none\">\n\t<path class=\"elementor-shape-fill\" d=\"M0,6V0h1000v100L0,6z\"\/>\n<\/svg>\t\t<\/div>\n\t\t\t\t\t<div class=\"elementor-container elementor-column-gap-default\">\n\t\t\t\t\t<div class=\"has_eae_slider elementor-column elementor-col-100 elementor-top-column elementor-element elementor-element-0161d17\" data-eae-slider=\"48745\" data-id=\"0161d17\" data-element_type=\"column\">\n\t\t\t<div class=\"elementor-widget-wrap elementor-element-populated\">\n\t\t\t\t\t\t<div class=\"elementor-element elementor-element-3d6102b elementor-widget__width-inherit elementor-widget elementor-widget-image\" data-id=\"3d6102b\" data-element_type=\"widget\" data-widget_type=\"image.default\">\n\t\t\t\t<div class=\"elementor-widget-container\">\n\t\t\t\t\t\t\t\t\t\t\t\t\t\t\t<img fetchpriority=\"high\" decoding=\"async\" width=\"477\" height=\"554\" src=\"https:\/\/gorskikotar.hr\/wp-content\/uploads\/2022\/05\/gorski-kotar-logo-zima.png\" class=\"attachment-large size-large wp-image-7499\" alt=\"Gorski kotar logo zima\" srcset=\"https:\/\/gorskikotar.hr\/wp-content\/uploads\/2022\/05\/gorski-kotar-logo-zima.png 477w, https:\/\/gorskikotar.hr\/wp-content\/uploads\/2022\/05\/gorski-kotar-logo-zima-258x300.png 258w, https:\/\/gorskikotar.hr\/wp-content\/uploads\/2022\/05\/gorski-kotar-logo-zima-21x24.png 21w, https:\/\/gorskikotar.hr\/wp-content\/uploads\/2022\/05\/gorski-kotar-logo-zima-31x36.png 31w, https:\/\/gorskikotar.hr\/wp-content\/uploads\/2022\/05\/gorski-kotar-logo-zima-41x48.png 41w\" sizes=\"(max-width: 477px) 100vw, 477px\" \/>\t\t\t\t\t\t\t\t\t\t\t\t\t\t\t<\/div>\n\t\t\t\t<\/div>\n\t\t\t\t<div class=\"elementor-element elementor-element-2cb8662 elementor-widget elementor-widget-heading\" data-id=\"2cb8662\" data-element_type=\"widget\" data-widget_type=\"heading.default\">\n\t\t\t\t<div class=\"elementor-widget-container\">\n\t\t\t\t\t<h1 class=\"elementor-heading-title elementor-size-large\">Gorski kotar<\/h1>\t\t\t\t<\/div>\n\t\t\t\t<\/div>\n\t\t\t\t<div class=\"elementor-element elementor-element-bed4a35 elementor-widget elementor-widget-heading\" data-id=\"bed4a35\" data-element_type=\"widget\" data-widget_type=\"heading.default\">\n\t\t\t\t<div class=\"elementor-widget-container\">\n\t\t\t\t\t<h3 class=\"elementor-heading-title elementor-size-xl\">Onweerstaanbaar<\/h3>\t\t\t\t<\/div>\n\t\t\t\t<\/div>\n\t\t\t\t\t<\/div>\n\t\t<\/div>\n\t\t\t\t\t<\/div>\n\t\t<\/section>\n\t\t\t\t<\/div>","protected":false},"excerpt":{"rendered":"<p>eVisitor- Informacijski sustav za prijavu i odjavu gostiju Sustav eVisitor slu\u017ei za prijavljivanje i odjavljivanje turista te prikupljanje i obradu podataka o pru\u017eateljima usluga smje\u0161taja te njihovim smje\u0161tajnim objektima, a iznimno je va\u017ean za obra\u010dun i kontrolu naplate turisti\u010dke pristojbe kao i za obradu i analizu podataka za statisti\u010dka izvje\u0161\u0107a u realnom vremenu te je [&hellip;]<\/p>","protected":false},"author":1,"featured_media":0,"parent":0,"menu_order":0,"comment_status":"closed","ping_status":"closed","template":"elementor_header_footer","meta":{"_acf_changed":false,"footnotes":""},"class_list":["post-7324","page","type-page","status-publish","hentry"],"acf":[],"_links":{"self":[{"href":"https:\/\/gorskikotar.hr\/nl\/wp-json\/wp\/v2\/pages\/7324","targetHints":{"allow":["GET"]}}],"collection":[{"href":"https:\/\/gorskikotar.hr\/nl\/wp-json\/wp\/v2\/pages"}],"about":[{"href":"https:\/\/gorskikotar.hr\/nl\/wp-json\/wp\/v2\/types\/page"}],"author":[{"embeddable":true,"href":"https:\/\/gorskikotar.hr\/nl\/wp-json\/wp\/v2\/users\/1"}],"replies":[{"embeddable":true,"href":"https:\/\/gorskikotar.hr\/nl\/wp-json\/wp\/v2\/comments?post=7324"}],"version-history":[{"count":25,"href":"https:\/\/gorskikotar.hr\/nl\/wp-json\/wp\/v2\/pages\/7324\/revisions"}],"predecessor-version":[{"id":18287,"href":"https:\/\/gorskikotar.hr\/nl\/wp-json\/wp\/v2\/pages\/7324\/revisions\/18287"}],"wp:attachment":[{"href":"https:\/\/gorskikotar.hr\/nl\/wp-json\/wp\/v2\/media?parent=7324"}],"curies":[{"name":"wp","href":"https:\/\/api.w.org\/{rel}","templated":true}]}}