{"id":18903,"date":"2023-09-13T20:15:43","date_gmt":"2023-09-13T20:15:43","guid":{"rendered":"https:\/\/gorskikotar.hr\/?page_id=18903"},"modified":"2023-12-21T21:04:08","modified_gmt":"2023-12-21T21:04:08","slug":"hrvatsko-izvor-kupe-audio","status":"publish","type":"page","link":"https:\/\/gorskikotar.hr\/pl\/hrvatsko-izvor-kupe-audio\/","title":{"rendered":"Hrvatsko - \u0179r\u00f3d\u0142o rzeki Kupa"},"content":{"rendered":"<div data-elementor-type=\"wp-page\" data-elementor-id=\"18903\" class=\"elementor elementor-18903\" data-elementor-post-type=\"page\">\n\t\t\t\t\t\t<section class=\"has_eae_slider elementor-section elementor-top-section elementor-element elementor-element-2837ca8c elementor-section-full_width elementor-section-height-min-height elementor-section-height-default elementor-section-items-middle\" data-eae-slider=\"79866\" data-id=\"2837ca8c\" data-element_type=\"section\" data-settings=\"{&quot;background_background&quot;:&quot;classic&quot;,&quot;shape_divider_bottom&quot;:&quot;tilt&quot;}\">\n\t\t\t\t\t<div class=\"elementor-shape elementor-shape-bottom\" aria-hidden=\"true\" data-negative=\"false\">\n\t\t\t<svg xmlns=\"http:\/\/www.w3.org\/2000\/svg\" viewbox=\"0 0 1000 100\" preserveaspectratio=\"none\">\n\t<path class=\"elementor-shape-fill\" d=\"M0,6V0h1000v100L0,6z\"\/>\n<\/svg>\t\t<\/div>\n\t\t\t\t\t<div class=\"elementor-container elementor-column-gap-default\">\n\t\t\t\t\t<div class=\"has_eae_slider elementor-column elementor-col-100 elementor-top-column elementor-element elementor-element-54838098\" data-eae-slider=\"51339\" data-id=\"54838098\" data-element_type=\"column\">\n\t\t\t<div class=\"elementor-widget-wrap elementor-element-populated\">\n\t\t\t\t\t\t<div class=\"elementor-element elementor-element-6a90c91 elementor-widget__width-inherit elementor-widget elementor-widget-image\" data-id=\"6a90c91\" data-element_type=\"widget\" data-widget_type=\"image.default\">\n\t\t\t\t<div class=\"elementor-widget-container\">\n\t\t\t\t\t\t\t\t\t\t\t\t\t\t\t<img fetchpriority=\"high\" decoding=\"async\" width=\"491\" height=\"492\" src=\"https:\/\/gorskikotar.hr\/wp-content\/uploads\/2022\/04\/Piktogrami_GK_final_planinarenje.png\" class=\"attachment-large size-large wp-image-4162\" alt=\"Planinarenje Gorski kotar\" srcset=\"https:\/\/gorskikotar.hr\/wp-content\/uploads\/2022\/04\/Piktogrami_GK_final_planinarenje.png 491w, https:\/\/gorskikotar.hr\/wp-content\/uploads\/2022\/04\/Piktogrami_GK_final_planinarenje-300x300.png 300w, https:\/\/gorskikotar.hr\/wp-content\/uploads\/2022\/04\/Piktogrami_GK_final_planinarenje-150x150.png 150w, https:\/\/gorskikotar.hr\/wp-content\/uploads\/2022\/04\/Piktogrami_GK_final_planinarenje-12x12.png 12w, https:\/\/gorskikotar.hr\/wp-content\/uploads\/2022\/04\/Piktogrami_GK_final_planinarenje-24x24.png 24w, https:\/\/gorskikotar.hr\/wp-content\/uploads\/2022\/04\/Piktogrami_GK_final_planinarenje-36x36.png 36w, https:\/\/gorskikotar.hr\/wp-content\/uploads\/2022\/04\/Piktogrami_GK_final_planinarenje-48x48.png 48w\" sizes=\"(max-width: 491px) 100vw, 491px\" \/>\t\t\t\t\t\t\t\t\t\t\t\t\t\t\t<\/div>\n\t\t\t\t<\/div>\n\t\t\t\t<div class=\"elementor-element elementor-element-5c7ac53b elementor-widget elementor-widget-heading\" data-id=\"5c7ac53b\" data-element_type=\"widget\" data-widget_type=\"heading.default\">\n\t\t\t\t<div class=\"elementor-widget-container\">\n\t\t\t\t\t<h2 class=\"elementor-heading-title elementor-size-default\">Hrvatsko - Izvor Kupe<\/h2>\t\t\t\t<\/div>\n\t\t\t\t<\/div>\n\t\t\t\t\t<\/div>\n\t\t<\/div>\n\t\t\t\t\t<\/div>\n\t\t<\/section>\n\t\t\t\t<section class=\"has_eae_slider elementor-section elementor-top-section elementor-element elementor-element-121b6645 elementor-section-boxed elementor-section-height-default elementor-section-height-default\" data-eae-slider=\"15146\" data-id=\"121b6645\" data-element_type=\"section\">\n\t\t\t\t\t\t<div class=\"elementor-container elementor-column-gap-default\">\n\t\t\t\t\t<div class=\"has_eae_slider elementor-column elementor-col-100 elementor-top-column elementor-element elementor-element-115559cf\" data-eae-slider=\"49413\" data-id=\"115559cf\" data-element_type=\"column\">\n\t\t\t<div class=\"elementor-widget-wrap elementor-element-populated\">\n\t\t\t\t\t\t<div class=\"elementor-element elementor-element-3ea14377 elementor-widget elementor-widget-heading\" data-id=\"3ea14377\" data-element_type=\"widget\" data-widget_type=\"heading.default\">\n\t\t\t\t<div class=\"elementor-widget-container\">\n\t\t\t\t\t<h2 class=\"elementor-heading-title elementor-size-default\">English audio guide<\/h2>\t\t\t\t<\/div>\n\t\t\t\t<\/div>\n\t\t\t\t<div class=\"elementor-element elementor-element-3b14aece elementor-widget elementor-widget-text-editor\" data-id=\"3b14aece\" data-element_type=\"widget\" data-widget_type=\"text-editor.default\">\n\t\t\t\t<div class=\"elementor-widget-container\">\n\t\t\t\t\t\t\t\t\t<p><div class=\"wp-playlist wp-audio-playlist wp-playlist-light\">\n\t\t\t<div class=\"wp-playlist-current-item\"><\/div>\n\t\t<audio controls=\"controls\" preload=\"none\" width=\"778\"\n\t\t\t><\/audio>\n\t<div class=\"wp-playlist-next\"><\/div>\n\t<div class=\"wp-playlist-prev\"><\/div>\n\t<noscript>\n\t<ol>\n\t\t<li><a href='https:\/\/gorskikotar.hr\/wp-content\/uploads\/2023\/12\/34.-Hrvatsko-Izvor-Kupe-ENG.mp3'>34. Hrvatsko Izvor Kupe ENG<\/a><\/li>\t<\/ol>\n\t<\/noscript>\n\t<script type=\"application\/json\" class=\"wp-playlist-script\">{\"type\":\"audio\",\"tracklist\":false,\"tracknumbers\":true,\"images\":false,\"artists\":false,\"tracks\":[{\"src\":\"https:\/\/gorskikotar.hr\/wp-content\/uploads\/2023\/12\/34.-Hrvatsko-Izvor-Kupe-ENG.mp3\",\"type\":\"audio\/mpeg\",\"title\":\"34. Hrvatsko Izvor Kupe ENG\",\"caption\":\"\",\"description\":\"\\\"34. Hrvatsko Izvor Kupe ENG\\\".\",\"meta\":{\"length_formatted\":\"1:21\"},\"image\":{\"src\":\"https:\/\/gorskikotar.hr\/wp-includes\/images\/media\/audio.svg\",\"width\":48,\"height\":64},\"thumb\":{\"src\":\"https:\/\/gorskikotar.hr\/wp-includes\/images\/media\/audio.svg\",\"width\":48,\"height\":64}}]}<\/script>\n<\/div>\n\t<\/p><p class=\"p1\">\u00a0<\/p>\t\t\t\t\t\t\t\t<\/div>\n\t\t\t\t<\/div>\n\t\t\t\t<div class=\"elementor-element elementor-element-28333928 elementor-widget elementor-widget-heading\" data-id=\"28333928\" data-element_type=\"widget\" data-widget_type=\"heading.default\">\n\t\t\t\t<div class=\"elementor-widget-container\">\n\t\t\t\t\t<h2 class=\"elementor-heading-title elementor-size-default\">Hrvatski audio vodi\u010d<\/h2>\t\t\t\t<\/div>\n\t\t\t\t<\/div>\n\t\t\t\t<div class=\"elementor-element elementor-element-2f099a6b elementor-widget elementor-widget-text-editor\" data-id=\"2f099a6b\" data-element_type=\"widget\" data-widget_type=\"text-editor.default\">\n\t\t\t\t<div class=\"elementor-widget-container\">\n\t\t\t\t\t\t\t\t\t<p><div class=\"wp-playlist wp-audio-playlist wp-playlist-light\">\n\t\t\t<div class=\"wp-playlist-current-item\"><\/div>\n\t\t<audio controls=\"controls\" preload=\"none\" width=\"778\"\n\t\t\t><\/audio>\n\t<div class=\"wp-playlist-next\"><\/div>\n\t<div class=\"wp-playlist-prev\"><\/div>\n\t<noscript>\n\t<ol>\n\t\t<li><a href='https:\/\/gorskikotar.hr\/wp-content\/uploads\/2023\/12\/34.-Hrvatsko-Izvor-Kupe.mp3'>34. Hrvatsko &#8211; Izvor Kupe<\/a><\/li>\t<\/ol>\n\t<\/noscript>\n\t<script type=\"application\/json\" class=\"wp-playlist-script\">{\"type\":\"audio\",\"tracklist\":false,\"tracknumbers\":true,\"images\":false,\"artists\":false,\"tracks\":[{\"src\":\"https:\/\/gorskikotar.hr\/wp-content\/uploads\/2023\/12\/34.-Hrvatsko-Izvor-Kupe.mp3\",\"type\":\"audio\/mpeg\",\"title\":\"34. Hrvatsko - Izvor Kupe\",\"caption\":\"\",\"description\":\"\\\"34. Hrvatsko - Izvor Kupe\\\".\",\"meta\":{\"length_formatted\":\"1:48\"},\"image\":{\"src\":\"https:\/\/gorskikotar.hr\/wp-includes\/images\/media\/audio.svg\",\"width\":48,\"height\":64},\"thumb\":{\"src\":\"https:\/\/gorskikotar.hr\/wp-includes\/images\/media\/audio.svg\",\"width\":48,\"height\":64}}]}<\/script>\n<\/div>\n\t<\/p><p class=\"p1\">\u00a0<\/p>\t\t\t\t\t\t\t\t<\/div>\n\t\t\t\t<\/div>\n\t\t\t\t<div class=\"elementor-element elementor-element-762d4c44 elementor-widget__width-auto elementor-widget elementor-widget-button\" data-id=\"762d4c44\" data-element_type=\"widget\" data-widget_type=\"button.default\">\n\t\t\t\t<div class=\"elementor-widget-container\">\n\t\t\t\t\t\t\t\t\t<div class=\"elementor-button-wrapper\">\n\t\t\t\t\t<a class=\"elementor-button elementor-button-link elementor-size-sm\" href=\"https:\/\/gorskikotar.hr\/pl\/hrvatsko-izvor-kupe\/\">\n\t\t\t\t\t\t<span class=\"elementor-button-content-wrapper\">\n\t\t\t\t\t\t<span class=\"elementor-button-icon\">\n\t\t\t\t<i aria-hidden=\"true\" class=\"fas fa-search-location\"><\/i>\t\t\t<\/span>\n\t\t\t\t\t\t\t\t\t<span class=\"elementor-button-text\">info<\/span>\n\t\t\t\t\t<\/span>\n\t\t\t\t\t<\/a>\n\t\t\t\t<\/div>\n\t\t\t\t\t\t\t\t<\/div>\n\t\t\t\t<\/div>\n\t\t\t\t\t<\/div>\n\t\t<\/div>\n\t\t\t\t\t<\/div>\n\t\t<\/section>\n\t\t\t\t<section class=\"has_eae_slider elementor-section elementor-top-section elementor-element elementor-element-135e036b elementor-section-full_width elementor-section-height-min-height elementor-section-height-default elementor-section-items-middle\" data-eae-slider=\"98844\" data-id=\"135e036b\" data-element_type=\"section\" data-settings=\"{&quot;background_background&quot;:&quot;classic&quot;,&quot;shape_divider_top&quot;:&quot;tilt&quot;}\">\n\t\t\t\t\t<div class=\"elementor-shape elementor-shape-top\" aria-hidden=\"true\" data-negative=\"false\">\n\t\t\t<svg xmlns=\"http:\/\/www.w3.org\/2000\/svg\" viewbox=\"0 0 1000 100\" preserveaspectratio=\"none\">\n\t<path class=\"elementor-shape-fill\" d=\"M0,6V0h1000v100L0,6z\"\/>\n<\/svg>\t\t<\/div>\n\t\t\t\t\t<div class=\"elementor-container elementor-column-gap-default\">\n\t\t\t\t\t<div class=\"has_eae_slider elementor-column elementor-col-100 elementor-top-column elementor-element elementor-element-b4d60f1\" data-eae-slider=\"99020\" data-id=\"b4d60f1\" data-element_type=\"column\">\n\t\t\t<div class=\"elementor-widget-wrap elementor-element-populated\">\n\t\t\t\t\t\t<div class=\"elementor-element elementor-element-1fee5f0d elementor-widget__width-inherit elementor-widget elementor-widget-image\" data-id=\"1fee5f0d\" data-element_type=\"widget\" data-widget_type=\"image.default\">\n\t\t\t\t<div class=\"elementor-widget-container\">\n\t\t\t\t\t\t\t\t\t\t\t\t\t\t\t<img decoding=\"async\" width=\"477\" height=\"554\" src=\"https:\/\/gorskikotar.hr\/wp-content\/uploads\/2022\/05\/gorski-kotar-logo-zima.png\" class=\"attachment-large size-large wp-image-7499\" alt=\"Gorski kotar logo zima\" srcset=\"https:\/\/gorskikotar.hr\/wp-content\/uploads\/2022\/05\/gorski-kotar-logo-zima.png 477w, https:\/\/gorskikotar.hr\/wp-content\/uploads\/2022\/05\/gorski-kotar-logo-zima-258x300.png 258w, https:\/\/gorskikotar.hr\/wp-content\/uploads\/2022\/05\/gorski-kotar-logo-zima-21x24.png 21w, https:\/\/gorskikotar.hr\/wp-content\/uploads\/2022\/05\/gorski-kotar-logo-zima-31x36.png 31w, https:\/\/gorskikotar.hr\/wp-content\/uploads\/2022\/05\/gorski-kotar-logo-zima-41x48.png 41w\" sizes=\"(max-width: 477px) 100vw, 477px\" \/>\t\t\t\t\t\t\t\t\t\t\t\t\t\t\t<\/div>\n\t\t\t\t<\/div>\n\t\t\t\t<div class=\"elementor-element elementor-element-4b3b1616 elementor-widget elementor-widget-heading\" data-id=\"4b3b1616\" data-element_type=\"widget\" data-widget_type=\"heading.default\">\n\t\t\t\t<div class=\"elementor-widget-container\">\n\t\t\t\t\t<h1 class=\"elementor-heading-title elementor-size-large\">Gorski kotar<\/h1>\t\t\t\t<\/div>\n\t\t\t\t<\/div>\n\t\t\t\t<div class=\"elementor-element elementor-element-85c0ae5 elementor-widget elementor-widget-heading\" data-id=\"85c0ae5\" data-element_type=\"widget\" data-widget_type=\"heading.default\">\n\t\t\t\t<div class=\"elementor-widget-container\">\n\t\t\t\t\t<h3 class=\"elementor-heading-title elementor-size-xl\">Atrakcyjny<\/h3>\t\t\t\t<\/div>\n\t\t\t\t<\/div>\n\t\t\t\t\t<\/div>\n\t\t<\/div>\n\t\t\t\t\t<\/div>\n\t\t<\/section>\n\t\t\t\t<\/div>","protected":false},"excerpt":{"rendered":"<p>Hrvatsko &#8211; Izvor Kupe English audio guide \u00a0 Hrvatski audio vodi\u010d \u00a0 info Gorski kotar Neodoljiv<\/p>","protected":false},"author":1,"featured_media":0,"parent":0,"menu_order":0,"comment_status":"closed","ping_status":"closed","template":"","meta":{"_acf_changed":false,"footnotes":""},"class_list":["post-18903","page","type-page","status-publish","hentry"],"acf":[],"_links":{"self":[{"href":"https:\/\/gorskikotar.hr\/pl\/wp-json\/wp\/v2\/pages\/18903","targetHints":{"allow":["GET"]}}],"collection":[{"href":"https:\/\/gorskikotar.hr\/pl\/wp-json\/wp\/v2\/pages"}],"about":[{"href":"https:\/\/gorskikotar.hr\/pl\/wp-json\/wp\/v2\/types\/page"}],"author":[{"embeddable":true,"href":"https:\/\/gorskikotar.hr\/pl\/wp-json\/wp\/v2\/users\/1"}],"replies":[{"embeddable":true,"href":"https:\/\/gorskikotar.hr\/pl\/wp-json\/wp\/v2\/comments?post=18903"}],"version-history":[{"count":12,"href":"https:\/\/gorskikotar.hr\/pl\/wp-json\/wp\/v2\/pages\/18903\/revisions"}],"predecessor-version":[{"id":19995,"href":"https:\/\/gorskikotar.hr\/pl\/wp-json\/wp\/v2\/pages\/18903\/revisions\/19995"}],"wp:attachment":[{"href":"https:\/\/gorskikotar.hr\/pl\/wp-json\/wp\/v2\/media?parent=18903"}],"curies":[{"name":"wp","href":"https:\/\/api.w.org\/{rel}","templated":true}]}}